{"id":26,"date":"2019-12-09T23:55:05","date_gmt":"2019-12-09T23:55:05","guid":{"rendered":"http:\/\/localhost\/meyssa\/?page_id=26"},"modified":"2020-04-29T21:28:01","modified_gmt":"2020-04-29T21:28:01","slug":"servicios-integrales","status":"publish","type":"page","link":"https:\/\/www.meyssa.com.mx\/en_us\/servicios-integrales\/","title":{"rendered":"Servicios integrales"},"content":{"rendered":"<p class=\"list\" style=\"text-align: center;\">We plan, coordinate, supervise and execute complete projects - from disassembly, rigging, storage, loading\/unloading, assembly and commissioning of equipment.<\/p>\n<p>&nbsp;<\/p>\n<p class=\"list\" style=\"text-align: center;\">Our turnkey equipment used to perform these services include:<\/p>\n<div class=\"row\">\n<div class=\"col\"><\/div>\n<div class=\"col\">\n<p>&nbsp;<\/p>\n<\/div>\n<\/div>","protected":false},"excerpt":{"rendered":"<p>Nos encargamos desde el manejo de su carga hasta la instalaci\u00f3n y puesta en marcha de sus equipos. &nbsp; Realizamos maniobras completas (planeaci\u00f3n, supervisi\u00f3n y ejecuci\u00f3n) con operadores y personal [&hellip;]<\/p>","protected":false},"author":1,"featured_media":0,"parent":0,"menu_order":0,"comment_status":"closed","ping_status":"closed","template":"","meta":[],"_links":{"self":[{"href":"https:\/\/www.meyssa.com.mx\/en_us\/wp-json\/wp\/v2\/pages\/26"}],"collection":[{"href":"https:\/\/www.meyssa.com.mx\/en_us\/wp-json\/wp\/v2\/pages"}],"about":[{"href":"https:\/\/www.meyssa.com.mx\/en_us\/wp-json\/wp\/v2\/types\/page"}],"author":[{"embeddable":true,"href":"https:\/\/www.meyssa.com.mx\/en_us\/wp-json\/wp\/v2\/users\/1"}],"replies":[{"embeddable":true,"href":"https:\/\/www.meyssa.com.mx\/en_us\/wp-json\/wp\/v2\/comments?post=26"}],"version-history":[{"count":11,"href":"https:\/\/www.meyssa.com.mx\/en_us\/wp-json\/wp\/v2\/pages\/26\/revisions"}],"predecessor-version":[{"id":224,"href":"https:\/\/www.meyssa.com.mx\/en_us\/wp-json\/wp\/v2\/pages\/26\/revisions\/224"}],"wp:attachment":[{"href":"https:\/\/www.meyssa.com.mx\/en_us\/wp-json\/wp\/v2\/media?parent=26"}],"curies":[{"name":"wp","href":"https:\/\/api.w.org\/{rel}","templated":true}]}}