{"id":29,"date":"2019-12-09T23:57:24","date_gmt":"2019-12-09T23:57:24","guid":{"rendered":"http:\/\/localhost\/meyssa\/?page_id=29"},"modified":"2021-08-25T18:26:30","modified_gmt":"2021-08-25T18:26:30","slug":"diseno-y-fabricacion","status":"publish","type":"page","link":"https:\/\/www.meyssa.com.mx\/en_us\/diseno-y-fabricacion\/","title":{"rendered":"Dise\u00f1o y fabricaci\u00f3n"},"content":{"rendered":"<p class=\"list\" style=\"text-align: center;\">Our team has the capability to design and fabricate custom equipment and steel structures with the highest standards. We have certified welders and highly qualified personnel to materialize our customer\u2019s projects.<\/p>\n<p>&nbsp;<\/p>\n<p class=\"list\" style=\"text-align: center;\">The equipment used to perform these services include:<\/p>\n<p>&nbsp;<\/p>","protected":false},"excerpt":{"rendered":"<p>Nuestra empresa tiene la capacidad de dise\u00f1ar equipos y estructuras con los est\u00e1ndares m\u00e1s altos. Adem\u00e1s, brindamos servicios de fabricaci\u00f3n metal-mec\u00e1nica basado en las especificaciones de nuestros clientes. &nbsp; Contamos [&hellip;]<\/p>","protected":false},"author":1,"featured_media":0,"parent":0,"menu_order":0,"comment_status":"closed","ping_status":"closed","template":"","meta":[],"_links":{"self":[{"href":"https:\/\/www.meyssa.com.mx\/en_us\/wp-json\/wp\/v2\/pages\/29"}],"collection":[{"href":"https:\/\/www.meyssa.com.mx\/en_us\/wp-json\/wp\/v2\/pages"}],"about":[{"href":"https:\/\/www.meyssa.com.mx\/en_us\/wp-json\/wp\/v2\/types\/page"}],"author":[{"embeddable":true,"href":"https:\/\/www.meyssa.com.mx\/en_us\/wp-json\/wp\/v2\/users\/1"}],"replies":[{"embeddable":true,"href":"https:\/\/www.meyssa.com.mx\/en_us\/wp-json\/wp\/v2\/comments?post=29"}],"version-history":[{"count":21,"href":"https:\/\/www.meyssa.com.mx\/en_us\/wp-json\/wp\/v2\/pages\/29\/revisions"}],"predecessor-version":[{"id":325,"href":"https:\/\/www.meyssa.com.mx\/en_us\/wp-json\/wp\/v2\/pages\/29\/revisions\/325"}],"wp:attachment":[{"href":"https:\/\/www.meyssa.com.mx\/en_us\/wp-json\/wp\/v2\/media?parent=29"}],"curies":[{"name":"wp","href":"https:\/\/api.w.org\/{rel}","templated":true}]}}